{"id":6545,"date":"2025-04-07T09:23:08","date_gmt":"2025-04-07T09:23:08","guid":{"rendered":"https:\/\/738e.com\/?page_id=6545"},"modified":"2025-04-29T08:10:05","modified_gmt":"2025-04-29T08:10:05","slug":"pen-tips-about","status":"publish","type":"page","link":"https:\/\/738e.com\/fr\/pen-tips-about\/","title":{"rendered":"Pen Tips about"},"content":{"rendered":"<div data-elementor-type=\"wp-page\" data-elementor-id=\"6545\" class=\"elementor elementor-6545\" data-elementor-post-type=\"page\">\n\t\t\t\t<div class=\"elementor-element elementor-element-44a3ea44 e-con-full e-flex e-con e-parent\" data-id=\"44a3ea44\" data-element_type=\"container\" data-e-type=\"container\" data-settings=\"{&quot;background_background&quot;:&quot;classic&quot;}\">\n\t\t<div class=\"elementor-element elementor-element-56bcf7e1 e-con-full e-flex e-con e-child\" data-id=\"56bcf7e1\" data-element_type=\"container\" data-e-type=\"container\">\n\t\t\t\t<div class=\"elementor-element elementor-element-2496bb8b elementor-widget elementor-widget-heading\" data-id=\"2496bb8b\" data-element_type=\"widget\" data-e-type=\"widget\" data-widget_type=\"heading.default\">\n\t\t\t\t<div class=\"elementor-widget-container\">\n\t\t\t\t\t<h1 class=\"elementor-heading-title elementor-size-default\">Qui sommes-nous?<\/h1>\t\t\t\t<\/div>\n\t\t\t\t<\/div>\n\t\t\t\t<\/div>\n\t\t\t\t<\/div>\n\t\t<div class=\"elementor-element elementor-element-6a9085a3 e-flex e-con-boxed e-con e-parent\" data-id=\"6a9085a3\" data-element_type=\"container\" data-e-type=\"container\">\n\t\t\t\t\t<div class=\"e-con-inner\">\n\t\t<div class=\"elementor-element elementor-element-7fe48057 e-con-full e-flex e-con e-child\" data-id=\"7fe48057\" data-element_type=\"container\" data-e-type=\"container\">\n\t\t\t\t<div class=\"elementor-element elementor-element-100880c8 elementor-widget elementor-widget-heading\" data-id=\"100880c8\" data-element_type=\"widget\" data-e-type=\"widget\" data-widget_type=\"heading.default\">\n\t\t\t\t<div class=\"elementor-widget-container\">\n\t\t\t\t\t<h2 class=\"elementor-heading-title elementor-size-default\">Profil de l'entreprise<\/h2>\t\t\t\t<\/div>\n\t\t\t\t<\/div>\n\t\t\t\t<div class=\"elementor-element elementor-element-6ab9d01b elementor-widget-divider--view-line elementor-widget elementor-widget-divider\" data-id=\"6ab9d01b\" data-element_type=\"widget\" data-e-type=\"widget\" data-widget_type=\"divider.default\">\n\t\t\t\t<div class=\"elementor-widget-container\">\n\t\t\t\t\t\t\t<div class=\"elementor-divider\">\n\t\t\t<span class=\"elementor-divider-separator\">\n\t\t\t\t\t\t<\/span>\n\t\t<\/div>\n\t\t\t\t\t\t<\/div>\n\t\t\t\t<\/div>\n\t\t\t\t<div class=\"elementor-element elementor-element-5f831e4b elementor-widget elementor-widget-text-editor\" data-id=\"5f831e4b\" data-element_type=\"widget\" data-e-type=\"widget\" data-widget_type=\"text-editor.default\">\n\t\t\t\t<div class=\"elementor-widget-container\">\n\t\t\t\t\t\t\t\t\t<p>La Soci\u00e9t\u00e9 Co., Ltd. des Produits de Vie Yingtong de Dongguan a obtenu des r\u00e9sultats remarquables dans le domaine des pointes de stylo. En tant que leader de l'industrie, elle a form\u00e9 une \u00e9quipe d'\u00e9tude et de d\u00e9veloppement d'\u00e9lite, se concentrant sur la recherche et le d\u00e9veloppement des pointes de stylo de divers mat\u00e9riaux et d'utilisations, couvrant les fibres ordinaires, le nylon, l'acrylique, les fibres de polyester, les pointes de stylo fritt\u00e9es, etc., satisfaisant pleinement les besoins divers des clients. En mati\u00e8re de production, en s'appuyant sur sa forte force technique, l'entreprise a d\u00e9velopp\u00e9 ind\u00e9pendamment des \u00e9quipements de production avanc\u00e9s, a contr\u00f4l\u00e9 strictement la s\u00e9lection des mat\u00e9riaux et a assur\u00e9 que chaque processus est pr\u00e9cis. Gr\u00e2ce \u00e0 sa qualit\u00e9 exceptionnelle, les produits ont remport\u00e9 des \u00e9loges sur les march\u00e9s domestiques et \u00e9trangers, et les pointes de stylo se vendent bien en Europe et en Am\u00e9rique. L'entreprise s'engage dans le principe de \"Qualit\u00e9 Premi\u00e8re, Client Supr\u00eame\" et le concept de b\u00e9n\u00e9fice mutuel et de gain-gain, et a atteint l'extr\u00eame en termes de technologie, de prix, de livraison et de service. Les investissements continus dans la recherche et le d\u00e9veloppement ont enrichi ses r\u00e9sultats en mati\u00e8re de propri\u00e9t\u00e9 intellectuelle des pointes de stylo. Dans le futur, notre soci\u00e9t\u00e9 va approfondir la recherche dans le domaine des pointes de stylo, accro\u00eetre l'innovation et s'engager \u00e0 fournir aux clients du monde entier des produits et des services de pointes de stylo de meilleure qualit\u00e9, plus cr\u00e9atifs et plus adapt\u00e9s aux besoins, dirigeant le d\u00e9veloppement de l'industrie.<\/p>\t\t\t\t\t\t\t\t<\/div>\n\t\t\t\t<\/div>\n\t\t\t\t<\/div>\n\t\t\t\t\t<\/div>\n\t\t\t\t<\/div>\n\t\t<div class=\"elementor-element elementor-element-1aff7236 e-flex e-con-boxed e-con e-parent\" data-id=\"1aff7236\" data-element_type=\"container\" data-e-type=\"container\">\n\t\t\t\t\t<div class=\"e-con-inner\">\n\t\t<div class=\"elementor-element elementor-element-2bcac87c e-con-full e-flex e-con e-child\" data-id=\"2bcac87c\" data-element_type=\"container\" data-e-type=\"container\">\n\t\t\t\t<div class=\"elementor-element elementor-element-2615387e elementor-widget elementor-widget-heading\" data-id=\"2615387e\" data-element_type=\"widget\" data-e-type=\"widget\" data-widget_type=\"heading.default\">\n\t\t\t\t<div class=\"elementor-widget-container\">\n\t\t\t\t\t<h4 class=\"elementor-heading-title elementor-size-default\">Nos Valeurs Fondamentales<\/h4>\t\t\t\t<\/div>\n\t\t\t\t<\/div>\n\t\t\t\t<div class=\"elementor-element elementor-element-7f107656 elementor-widget-divider--view-line elementor-widget elementor-widget-divider\" data-id=\"7f107656\" data-element_type=\"widget\" data-e-type=\"widget\" data-widget_type=\"divider.default\">\n\t\t\t\t<div class=\"elementor-widget-container\">\n\t\t\t\t\t\t\t<div class=\"elementor-divider\">\n\t\t\t<span class=\"elementor-divider-separator\">\n\t\t\t\t\t\t<\/span>\n\t\t<\/div>\n\t\t\t\t\t\t<\/div>\n\t\t\t\t<\/div>\n\t\t\t\t<div class=\"elementor-element elementor-element-20f91f09 elementor-icon-list--layout-traditional elementor-list-item-link-full_width elementor-widget elementor-widget-icon-list\" data-id=\"20f91f09\" data-element_type=\"widget\" data-e-type=\"widget\" data-widget_type=\"icon-list.default\">\n\t\t\t\t<div class=\"elementor-widget-container\">\n\t\t\t\t\t\t\t<ul class=\"elementor-icon-list-items\">\n\t\t\t\t\t\t\t<li class=\"elementor-icon-list-item\">\n\t\t\t\t\t\t\t\t\t\t\t<span class=\"elementor-icon-list-icon\">\n\t\t\t\t\t\t\t<svg aria-hidden=\"true\" class=\"e-font-icon-svg e-fas-minus\" viewbox=\"0 0 448 512\" xmlns=\"http:\/\/www.w3.org\/2000\/svg\"><path d=\"M416 208H32c-17.67 0-32 14.33-32 32v32c0 17.67 14.33 32 32 32h384c17.67 0 32-14.33 32-32v-32c0-17.67-14.33-32-32-32z\"><\/path><\/svg>\t\t\t\t\t\t<\/span>\n\t\t\t\t\t\t\t\t\t\t<span class=\"elementor-icon-list-text\">Poursuivre constamment l'innovation, diriger l'innovation de la technologie et de l'application des produits, et propulser le progr\u00e8s de l'entreprise.<\/span>\n\t\t\t\t\t\t\t\t\t<\/li>\n\t\t\t\t\t\t\t\t<li class=\"elementor-icon-list-item\">\n\t\t\t\t\t\t\t\t\t\t\t<span class=\"elementor-icon-list-icon\">\n\t\t\t\t\t\t\t<svg aria-hidden=\"true\" class=\"e-font-icon-svg e-fas-minus\" viewbox=\"0 0 448 512\" xmlns=\"http:\/\/www.w3.org\/2000\/svg\"><path d=\"M416 208H32c-17.67 0-32 14.33-32 32v32c0 17.67 14.33 32 32 32h384c17.67 0 32-14.33 32-32v-32c0-17.67-14.33-32-32-32z\"><\/path><\/svg>\t\t\t\t\t\t<\/span>\n\t\t\t\t\t\t\t\t\t\t<span class=\"elementor-icon-list-text\">S'attendre aux normes de qualit\u00e9 strictes, cr\u00e9er des produits de haute qualit\u00e9, et jeter les bases de la r\u00e9putation de l'entreprise.<\/span>\n\t\t\t\t\t\t\t\t\t<\/li>\n\t\t\t\t\t\t\t\t<li class=\"elementor-icon-list-item\">\n\t\t\t\t\t\t\t\t\t\t\t<span class=\"elementor-icon-list-icon\">\n\t\t\t\t\t\t\t<svg aria-hidden=\"true\" class=\"e-font-icon-svg e-fas-minus\" viewbox=\"0 0 448 512\" xmlns=\"http:\/\/www.w3.org\/2000\/svg\"><path d=\"M416 208H32c-17.67 0-32 14.33-32 32v32c0 17.67 14.33 32 32 32h384c17.67 0 32-14.33 32-32v-32c0-17.67-14.33-32-32-32z\"><\/path><\/svg>\t\t\t\t\t\t<\/span>\n\t\t\t\t\t\t\t\t\t\t<span class=\"elementor-icon-list-text\">Collaborer activement avec toutes les parties pour promouvoir le partage des ressources et le d\u00e9veloppement coordonn\u00e9, et r\u00e9aliser une situation mutuellement b\u00e9n\u00e9fique et gagnant-gagnant.<\/span>\n\t\t\t\t\t\t\t\t\t<\/li>\n\t\t\t\t\t\t<\/ul>\n\t\t\t\t\t\t<\/div>\n\t\t\t\t<\/div>\n\t\t\t\t<\/div>\n\t\t\t\t\t<\/div>\n\t\t\t\t<\/div>\n\t\t<div class=\"elementor-element elementor-element-193c2f0b e-flex e-con-boxed e-con e-parent\" data-id=\"193c2f0b\" data-element_type=\"container\" data-e-type=\"container\">\n\t\t\t\t\t<div class=\"e-con-inner\">\n\t\t<div class=\"elementor-element elementor-element-46565d30 e-con-full e-flex e-con e-child\" data-id=\"46565d30\" data-element_type=\"container\" data-e-type=\"container\">\n\t\t\t\t<div class=\"elementor-element elementor-element-154b4321 elementor-widget elementor-widget-heading\" data-id=\"154b4321\" data-element_type=\"widget\" data-e-type=\"widget\" data-widget_type=\"heading.default\">\n\t\t\t\t<div class=\"elementor-widget-container\">\n\t\t\t\t\t<h2 class=\"elementor-heading-title elementor-size-default\">Certificat pertinent<\/h2>\t\t\t\t<\/div>\n\t\t\t\t<\/div>\n\t\t\t\t<div class=\"elementor-element elementor-element-5f79436d elementor-widget-divider--view-line elementor-widget elementor-widget-divider\" data-id=\"5f79436d\" data-element_type=\"widget\" data-e-type=\"widget\" data-widget_type=\"divider.default\">\n\t\t\t\t<div class=\"elementor-widget-container\">\n\t\t\t\t\t\t\t<div class=\"elementor-divider\">\n\t\t\t<span class=\"elementor-divider-separator\">\n\t\t\t\t\t\t<\/span>\n\t\t<\/div>\n\t\t\t\t\t\t<\/div>\n\t\t\t\t<\/div>\n\t\t\t\t<div class=\"elementor-element elementor-element-65e9c6da elementor-widget elementor-widget-image\" data-id=\"65e9c6da\" data-element_type=\"widget\" data-e-type=\"widget\" data-widget_type=\"image.default\">\n\t\t\t\t<div class=\"elementor-widget-container\">\n\t\t\t\t\t\t\t\t\t\t\t\t\t\t\t<img fetchpriority=\"high\" decoding=\"async\" width=\"1735\" height=\"562\" src=\"https:\/\/www.738e.com\/wp-content\/uploads\/2024\/12\/certificate.webp\" class=\"attachment-full size-full wp-image-5577\" alt=\"Paper sticks, including scented paper sticks, lollipop paper sticks, candy paper sticks, cotton swab paper sticks, three-dimensional paper sticks and colored paper sticks\" srcset=\"https:\/\/www.738e.com\/wp-content\/uploads\/2024\/12\/certificate.webp 1735w, https:\/\/www.738e.com\/wp-content\/uploads\/2024\/12\/certificate-300x97.webp 300w, https:\/\/www.738e.com\/wp-content\/uploads\/2024\/12\/certificate-1024x332.webp 1024w, https:\/\/www.738e.com\/wp-content\/uploads\/2024\/12\/certificate-768x249.webp 768w, https:\/\/www.738e.com\/wp-content\/uploads\/2024\/12\/certificate-1536x498.webp 1536w, https:\/\/www.738e.com\/wp-content\/uploads\/2024\/12\/certificate-18x6.webp 18w\" sizes=\"(max-width: 1735px) 100vw, 1735px\" \/>\t\t\t\t\t\t\t\t\t\t\t\t\t\t\t<\/div>\n\t\t\t\t<\/div>\n\t\t\t\t<\/div>\n\t\t\t\t\t<\/div>\n\t\t\t\t<\/div>\n\t\t\t\t<\/div>","protected":false},"excerpt":{"rendered":"<p>Who We Are? Company Profile Dongguan Yingtong Living Products Co., Ltd. has achieved remarkable results in the pen tip business field. As a leader in the industry, it has established an elite R&amp;D team, focusing on the research and development of pen tips of various materials and uses, covering regular fibers, nylon, acrylic, polyester fibers, [&hellip;]<\/p>\n","protected":false},"author":2,"featured_media":0,"parent":0,"menu_order":0,"comment_status":"closed","ping_status":"closed","template":"","meta":{"site-sidebar-layout":"no-sidebar","site-content-layout":"page-builder","ast-site-content-layout":"full-width-container","site-content-style":"default","site-sidebar-style":"default","ast-global-header-display":"","ast-banner-title-visibility":"","ast-main-header-display":"","ast-hfb-above-header-display":"","ast-hfb-below-header-display":"","ast-hfb-mobile-header-display":"","site-post-title":"disabled","ast-breadcrumbs-content":"","ast-featured-img":"disabled","footer-sml-layout":"","ast-disable-related-posts":"","theme-transparent-header-meta":"","adv-header-id-meta":"","stick-header-meta":"","header-above-stick-meta":"","header-main-stick-meta":"","header-below-stick-meta":"","astra-migrate-meta-layouts":"set","ast-page-background-enabled":"default","ast-page-background-meta":{"desktop":{"background-color":"","background-image":"","background-repeat":"repeat","background-position":"center center","background-size":"auto","background-attachment":"scroll","background-type":"","background-media":"","overlay-type":"","overlay-color":"","overlay-opacity":"","overlay-gradient":""},"tablet":{"background-color":"","background-image":"","background-repeat":"repeat","background-position":"center center","background-size":"auto","background-attachment":"scroll","background-type":"","background-media":"","overlay-type":"","overlay-color":"","overlay-opacity":"","overlay-gradient":""},"mobile":{"background-color":"","background-image":"","background-repeat":"repeat","background-position":"center center","background-size":"auto","background-attachment":"scroll","background-type":"","background-media":"","overlay-type":"","overlay-color":"","overlay-opacity":"","overlay-gradient":""}},"ast-content-background-meta":{"desktop":{"background-color":"var(--ast-global-color-5)","background-image":"","background-repeat":"repeat","background-position":"center center","background-size":"auto","background-attachment":"scroll","background-type":"","background-media":"","overlay-type":"","overlay-color":"","overlay-opacity":"","overlay-gradient":""},"tablet":{"background-color":"var(--ast-global-color-5)","background-image":"","background-repeat":"repeat","background-position":"center center","background-size":"auto","background-attachment":"scroll","background-type":"","background-media":"","overlay-type":"","overlay-color":"","overlay-opacity":"","overlay-gradient":""},"mobile":{"background-color":"var(--ast-global-color-5)","background-image":"","background-repeat":"repeat","background-position":"center center","background-size":"auto","background-attachment":"scroll","background-type":"","background-media":"","overlay-type":"","overlay-color":"","overlay-opacity":"","overlay-gradient":""}},"footnotes":""},"class_list":["post-6545","page","type-page","status-publish","hentry"],"aioseo_notices":[],"_links":{"self":[{"href":"https:\/\/738e.com\/fr\/wp-json\/wp\/v2\/pages\/6545","targetHints":{"allow":["GET"]}}],"collection":[{"href":"https:\/\/738e.com\/fr\/wp-json\/wp\/v2\/pages"}],"about":[{"href":"https:\/\/738e.com\/fr\/wp-json\/wp\/v2\/types\/page"}],"author":[{"embeddable":true,"href":"https:\/\/738e.com\/fr\/wp-json\/wp\/v2\/users\/2"}],"replies":[{"embeddable":true,"href":"https:\/\/738e.com\/fr\/wp-json\/wp\/v2\/comments?post=6545"}],"version-history":[{"count":21,"href":"https:\/\/738e.com\/fr\/wp-json\/wp\/v2\/pages\/6545\/revisions"}],"predecessor-version":[{"id":8296,"href":"https:\/\/738e.com\/fr\/wp-json\/wp\/v2\/pages\/6545\/revisions\/8296"}],"wp:attachment":[{"href":"https:\/\/738e.com\/fr\/wp-json\/wp\/v2\/media?parent=6545"}],"curies":[{"name":"wp","href":"https:\/\/api.w.org\/{rel}","templated":true}]}}