{"id":5935,"date":"2025-01-16T01:26:02","date_gmt":"2025-01-16T01:26:02","guid":{"rendered":"https:\/\/738e.com\/?page_id=5935"},"modified":"2025-04-30T01:58:07","modified_gmt":"2025-04-30T01:58:07","slug":"water-drawing-cotton-sticks","status":"publish","type":"page","link":"https:\/\/738e.com\/fr\/water-drawing-cotton-sticks\/","title":{"rendered":"Water &#8211; drawing Cotton Sticks"},"content":{"rendered":"<div data-elementor-type=\"wp-page\" data-elementor-id=\"5935\" class=\"elementor elementor-5935\" data-elementor-post-type=\"page\">\n\t\t\t\t<div class=\"elementor-element elementor-element-5364ddc4 e-con-full e-flex e-con e-parent\" data-id=\"5364ddc4\" data-element_type=\"container\" data-e-type=\"container\" data-settings=\"{&quot;background_background&quot;:&quot;classic&quot;}\">\n\t\t\t\t<div class=\"elementor-element elementor-element-2088413 elementor-widget elementor-widget-heading\" data-id=\"2088413\" data-element_type=\"widget\" data-e-type=\"widget\" data-widget_type=\"heading.default\">\n\t\t\t\t<div class=\"elementor-widget-container\">\n\t\t\t\t\t<h1 class=\"elementor-heading-title elementor-size-default\">B\u00e2tons de coton absorbant l'eau<\/h1>\t\t\t\t<\/div>\n\t\t\t\t<\/div>\n\t\t\t\t<\/div>\n\t\t<div class=\"elementor-element elementor-element-3a0a44d9 e-flex e-con-boxed e-con e-parent\" data-id=\"3a0a44d9\" data-element_type=\"container\" data-e-type=\"container\">\n\t\t\t\t\t<div class=\"e-con-inner\">\n\t\t\t\t<div class=\"elementor-element elementor-element-185cb86e elementor-widget elementor-widget-heading\" data-id=\"185cb86e\" data-element_type=\"widget\" data-e-type=\"widget\" data-widget_type=\"heading.default\">\n\t\t\t\t<div class=\"elementor-widget-container\">\n\t\t\t\t\t<h2 class=\"elementor-heading-title elementor-size-default\">Produits &amp; Applications<\/h2>\t\t\t\t<\/div>\n\t\t\t\t<\/div>\n\t\t\t\t<div class=\"elementor-element elementor-element-748bbb7e elementor-widget-divider--view-line elementor-widget elementor-widget-divider\" data-id=\"748bbb7e\" data-element_type=\"widget\" data-e-type=\"widget\" data-widget_type=\"divider.default\">\n\t\t\t\t<div class=\"elementor-widget-container\">\n\t\t\t\t\t\t\t<div class=\"elementor-divider\">\n\t\t\t<span class=\"elementor-divider-separator\">\n\t\t\t\t\t\t<\/span>\n\t\t<\/div>\n\t\t\t\t\t\t<\/div>\n\t\t\t\t<\/div>\n\t\t\t\t<div class=\"elementor-element elementor-element-6c70ee8f elementor-widget elementor-widget-text-editor\" data-id=\"6c70ee8f\" data-element_type=\"widget\" data-e-type=\"widget\" data-widget_type=\"text-editor.default\">\n\t\t\t\t<div class=\"elementor-widget-container\">\n\t\t\t\t\t\t\t\t\t<p>Il existe de nombreux types de m\u00e8ches en coton de fibres absorbant l'eau, utilis\u00e9s principalement pour guider ou absorber les liquides li\u00e9s \u00e0 la volatilit\u00e9. Ils trouvent des applications dans des appareils tels que les atomiseurs humidifiants, les bouteilles d'humidification, les r\u00e9pulsifs d'insectes liquides et les diffuseurs d'odeur. Ces produits sont personnalis\u00e9s en fonction des sc\u00e9narios d'utilisation et des exigences des clients. Les diff\u00e9rents produits diff\u00e8rent en mati\u00e8re de mat\u00e9riaux et de proc\u00e9d\u00e9s de fabrication. Certains produits peuvent sembler similaires en apparence, mais il existe des diff\u00e9rences fondamentales dans leur performance pertinente, et les co\u00fbts varient \u00e9galement consid\u00e9rablement.<\/p>\t\t\t\t\t\t\t\t<\/div>\n\t\t\t\t<\/div>\n\t\t\t\t\t<\/div>\n\t\t\t\t<\/div>\n\t\t<div class=\"elementor-element elementor-element-4dd9f897 e-flex e-con-boxed e-con e-parent\" data-id=\"4dd9f897\" data-element_type=\"container\" data-e-type=\"container\">\n\t\t\t\t\t<div class=\"e-con-inner\">\n\t\t<div class=\"elementor-element elementor-element-589d2b52 e-con-full e-flex e-con e-child\" data-id=\"589d2b52\" data-element_type=\"container\" data-e-type=\"container\">\n\t\t\t\t<div class=\"elementor-element elementor-element-584281e elementor-widget elementor-widget-image\" data-id=\"584281e\" data-element_type=\"widget\" data-e-type=\"widget\" data-widget_type=\"image.default\">\n\t\t\t\t<div class=\"elementor-widget-container\">\n\t\t\t\t\t\t\t\t\t\t\t\t\t\t\t<img fetchpriority=\"high\" decoding=\"async\" width=\"644\" height=\"402\" src=\"https:\/\/www.738e.com\/wp-content\/uploads\/2025\/01\/Water-drawing-Wick-1.webp\" class=\"attachment-full size-full wp-image-5855\" alt=\"Humidifier Water \u2013 drawing Cotton Sticks\" srcset=\"https:\/\/www.738e.com\/wp-content\/uploads\/2025\/01\/Water-drawing-Wick-1.webp 644w, https:\/\/www.738e.com\/wp-content\/uploads\/2025\/01\/Water-drawing-Wick-1-300x187.webp 300w, https:\/\/www.738e.com\/wp-content\/uploads\/2025\/01\/Water-drawing-Wick-1-18x12.webp 18w\" sizes=\"(max-width: 644px) 100vw, 644px\" \/>\t\t\t\t\t\t\t\t\t\t\t\t\t\t\t<\/div>\n\t\t\t\t<\/div>\n\t\t\t\t<div class=\"elementor-element elementor-element-1219330a elementor-widget elementor-widget-image-box\" data-id=\"1219330a\" data-element_type=\"widget\" data-e-type=\"widget\" data-widget_type=\"image-box.default\">\n\t\t\t\t<div class=\"elementor-widget-container\">\n\t\t\t\t\t<div class=\"elementor-image-box-wrapper\"><div class=\"elementor-image-box-content\"><h5 class=\"elementor-image-box-title\">B\u00e2tons de coton de fibres absorbant l'eau<\/h5><p class=\"elementor-image-box-description\">Ce produit peut \u00eatre personnalis\u00e9 pour avoir des usages et des performances diff\u00e9rents en fonction des exigences des clients. En ce qui concerne l'apparence, en plus de la forme cylindrique courante, d'autres formes peuvent \u00e9galement \u00eatre personnalis\u00e9es.<\/p><\/div><\/div>\t\t\t\t<\/div>\n\t\t\t\t<\/div>\n\t\t\t\t<\/div>\n\t\t<div class=\"elementor-element elementor-element-73518eb8 e-con-full e-flex e-con e-child\" data-id=\"73518eb8\" data-element_type=\"container\" data-e-type=\"container\">\n\t\t\t\t<div class=\"elementor-element elementor-element-2715bdde elementor-widget elementor-widget-image\" data-id=\"2715bdde\" data-element_type=\"widget\" data-e-type=\"widget\" data-settings=\"{&quot;_animation&quot;:&quot;none&quot;}\" data-widget_type=\"image.default\">\n\t\t\t\t<div class=\"elementor-widget-container\">\n\t\t\t\t\t\t\t\t\t\t\t\t\t\t\t<img decoding=\"async\" width=\"644\" height=\"402\" src=\"https:\/\/www.738e.com\/wp-content\/uploads\/2025\/01\/Non-woven-cotton-wicks-1.webp\" class=\"attachment-full size-full wp-image-6015\" alt=\"Humidifier Water \u2013 drawing Cotton Sticks\" srcset=\"https:\/\/www.738e.com\/wp-content\/uploads\/2025\/01\/Non-woven-cotton-wicks-1.webp 644w, https:\/\/www.738e.com\/wp-content\/uploads\/2025\/01\/Non-woven-cotton-wicks-1-300x187.webp 300w, https:\/\/www.738e.com\/wp-content\/uploads\/2025\/01\/Non-woven-cotton-wicks-1-18x12.webp 18w\" sizes=\"(max-width: 644px) 100vw, 644px\" \/>\t\t\t\t\t\t\t\t\t\t\t\t\t\t\t<\/div>\n\t\t\t\t<\/div>\n\t\t\t\t<div class=\"elementor-element elementor-element-4f3b9b73 elementor-widget elementor-widget-image-box\" data-id=\"4f3b9b73\" data-element_type=\"widget\" data-e-type=\"widget\" data-widget_type=\"image-box.default\">\n\t\t\t\t<div class=\"elementor-widget-container\">\n\t\t\t\t\t<div class=\"elementor-image-box-wrapper\"><div class=\"elementor-image-box-content\"><h5 class=\"elementor-image-box-title\">B\u00e2tons de coton absorbant l'eau en tissu non tiss\u00e9<\/h5><p class=\"elementor-image-box-description\">Ce produit est personnalis\u00e9 selon les exigences. Nous produisons des produits avec des usages, des performances et des sp\u00e9cifications diff\u00e9rents selon les besoins, et l'apparence est cylindrique.<\/p><\/div><\/div>\t\t\t\t<\/div>\n\t\t\t\t<\/div>\n\t\t\t\t<\/div>\n\t\t\t\t\t<\/div>\n\t\t\t\t<\/div>\n\t\t<div class=\"elementor-element elementor-element-3c7e8484 e-con-full e-flex e-con e-parent\" data-id=\"3c7e8484\" data-element_type=\"container\" data-e-type=\"container\">\n\t\t\t\t<div class=\"elementor-element elementor-element-3cf4d00 elementor-widget elementor-widget-heading\" data-id=\"3cf4d00\" data-element_type=\"widget\" data-e-type=\"widget\" data-widget_type=\"heading.default\">\n\t\t\t\t<div class=\"elementor-widget-container\">\n\t\t\t\t\t<h2 class=\"elementor-heading-title elementor-size-default\">Produits et applications connexes<\/h2>\t\t\t\t<\/div>\n\t\t\t\t<\/div>\n\t\t\t\t<div class=\"elementor-element elementor-element-369bf9d elementor-widget-divider--view-line elementor-widget elementor-widget-divider\" data-id=\"369bf9d\" data-element_type=\"widget\" data-e-type=\"widget\" data-widget_type=\"divider.default\">\n\t\t\t\t<div class=\"elementor-widget-container\">\n\t\t\t\t\t\t\t<div class=\"elementor-divider\">\n\t\t\t<span class=\"elementor-divider-separator\">\n\t\t\t\t\t\t<\/span>\n\t\t<\/div>\n\t\t\t\t\t\t<\/div>\n\t\t\t\t<\/div>\n\t\t\t\t<div class=\"elementor-element elementor-element-c387d39 elementor-widget elementor-widget-text-editor\" data-id=\"c387d39\" data-element_type=\"widget\" data-e-type=\"widget\" data-widget_type=\"text-editor.default\">\n\t\t\t\t<div class=\"elementor-widget-container\">\n\t\t\t\t\t\t\t\t\t<p style=\"text-align: center;\">Chaque produit peut \u00eatre personnalis\u00e9 selon les besoins du client.<\/p>\t\t\t\t\t\t\t\t<\/div>\n\t\t\t\t<\/div>\n\t\t<div class=\"elementor-element elementor-element-1de61bd e-con-full e-flex e-con e-child\" data-id=\"1de61bd\" data-element_type=\"container\" data-e-type=\"container\">\n\t\t<div class=\"elementor-element elementor-element-463bcd3 e-con-full e-flex e-con e-child\" data-id=\"463bcd3\" data-element_type=\"container\" data-e-type=\"container\">\n\t\t\t\t<div class=\"elementor-element elementor-element-7428e45 elementor-widget elementor-widget-image\" data-id=\"7428e45\" data-element_type=\"widget\" data-e-type=\"widget\" data-widget_type=\"image.default\">\n\t\t\t\t<div class=\"elementor-widget-container\">\n\t\t\t\t\t\t\t\t\t\t\t\t\t\t\t\t<a href=\"https:\/\/738e.com\/wp-content\/uploads\/2025\/01\/Water-drawing-Wicks.webp\">\n\t\t\t\t\t\t\t<img decoding=\"async\" width=\"640\" height=\"640\" src=\"https:\/\/www.738e.com\/wp-content\/uploads\/2025\/01\/Water-drawing-Wicks.webp\" class=\"elementor-animation-grow attachment-full size-full wp-image-6100\" alt=\"Humidifier Cotton Sticks\" srcset=\"https:\/\/www.738e.com\/wp-content\/uploads\/2025\/01\/Water-drawing-Wicks.webp 640w, https:\/\/www.738e.com\/wp-content\/uploads\/2025\/01\/Water-drawing-Wicks-300x300.webp 300w, https:\/\/www.738e.com\/wp-content\/uploads\/2025\/01\/Water-drawing-Wicks-150x150.webp 150w, https:\/\/www.738e.com\/wp-content\/uploads\/2025\/01\/Water-drawing-Wicks-12x12.webp 12w\" sizes=\"(max-width: 640px) 100vw, 640px\" \/>\t\t\t\t\t\t\t\t<\/a>\n\t\t\t\t\t\t\t\t\t\t\t\t\t\t\t<\/div>\n\t\t\t\t<\/div>\n\t\t\t\t<\/div>\n\t\t<div class=\"elementor-element elementor-element-b1e7470 e-con-full e-flex e-con e-child\" data-id=\"b1e7470\" data-element_type=\"container\" data-e-type=\"container\">\n\t\t\t\t<div class=\"elementor-element elementor-element-11fb25a elementor-widget elementor-widget-image\" data-id=\"11fb25a\" data-element_type=\"widget\" data-e-type=\"widget\" data-widget_type=\"image.default\">\n\t\t\t\t<div class=\"elementor-widget-container\">\n\t\t\t\t\t\t\t\t\t\t\t\t\t\t\t\t<a href=\"https:\/\/738e.com\/wp-content\/uploads\/2025\/01\/Water-drawing-Cotton-Sticks-1.webp\">\n\t\t\t\t\t\t\t<img loading=\"lazy\" decoding=\"async\" width=\"640\" height=\"640\" src=\"https:\/\/www.738e.com\/wp-content\/uploads\/2025\/01\/Water-drawing-Cotton-Sticks-1.webp\" class=\"elementor-animation-grow attachment-full size-full wp-image-6076\" alt=\"B\u00e2tons de coton absorbant l&#039;eau\" srcset=\"https:\/\/www.738e.com\/wp-content\/uploads\/2025\/01\/Water-drawing-Cotton-Sticks-1.webp 640w, https:\/\/www.738e.com\/wp-content\/uploads\/2025\/01\/Water-drawing-Cotton-Sticks-1-300x300.webp 300w, https:\/\/www.738e.com\/wp-content\/uploads\/2025\/01\/Water-drawing-Cotton-Sticks-1-150x150.webp 150w, https:\/\/www.738e.com\/wp-content\/uploads\/2025\/01\/Water-drawing-Cotton-Sticks-1-12x12.webp 12w\" sizes=\"(max-width: 640px) 100vw, 640px\" \/>\t\t\t\t\t\t\t\t<\/a>\n\t\t\t\t\t\t\t\t\t\t\t\t\t\t\t<\/div>\n\t\t\t\t<\/div>\n\t\t\t\t<\/div>\n\t\t<div class=\"elementor-element elementor-element-b7556c2 e-con-full e-flex e-con e-child\" data-id=\"b7556c2\" data-element_type=\"container\" data-e-type=\"container\">\n\t\t\t\t<div class=\"elementor-element elementor-element-c67fb2c elementor-widget elementor-widget-image\" data-id=\"c67fb2c\" data-element_type=\"widget\" data-e-type=\"widget\" data-widget_type=\"image.default\">\n\t\t\t\t<div class=\"elementor-widget-container\">\n\t\t\t\t\t\t\t\t\t\t\t\t\t\t\t\t<a href=\"https:\/\/738e.com\/wp-content\/uploads\/2025\/01\/Water-drawing-Cotton-Sticks.webp\">\n\t\t\t\t\t\t\t<img loading=\"lazy\" decoding=\"async\" width=\"640\" height=\"640\" src=\"https:\/\/www.738e.com\/wp-content\/uploads\/2025\/01\/Water-drawing-Cotton-Sticks.webp\" class=\"elementor-animation-grow attachment-full size-full wp-image-6075\" alt=\"B\u00e2tons de coton absorbant l&#039;eau\" srcset=\"https:\/\/www.738e.com\/wp-content\/uploads\/2025\/01\/Water-drawing-Cotton-Sticks.webp 640w, https:\/\/www.738e.com\/wp-content\/uploads\/2025\/01\/Water-drawing-Cotton-Sticks-300x300.webp 300w, https:\/\/www.738e.com\/wp-content\/uploads\/2025\/01\/Water-drawing-Cotton-Sticks-150x150.webp 150w, https:\/\/www.738e.com\/wp-content\/uploads\/2025\/01\/Water-drawing-Cotton-Sticks-12x12.webp 12w\" sizes=\"(max-width: 640px) 100vw, 640px\" \/>\t\t\t\t\t\t\t\t<\/a>\n\t\t\t\t\t\t\t\t\t\t\t\t\t\t\t<\/div>\n\t\t\t\t<\/div>\n\t\t\t\t<\/div>\n\t\t<div class=\"elementor-element elementor-element-5800f45 e-con-full e-flex e-con e-child\" data-id=\"5800f45\" data-element_type=\"container\" data-e-type=\"container\">\n\t\t\t\t<div class=\"elementor-element elementor-element-5a15838 elementor-widget elementor-widget-image\" data-id=\"5a15838\" data-element_type=\"widget\" data-e-type=\"widget\" data-widget_type=\"image.default\">\n\t\t\t\t<div class=\"elementor-widget-container\">\n\t\t\t\t\t\t\t\t\t\t\t\t\t\t\t\t<a href=\"https:\/\/738e.com\/wp-content\/uploads\/2025\/01\/Non-woven-cotton-wicks.webp\">\n\t\t\t\t\t\t\t<img loading=\"lazy\" decoding=\"async\" width=\"640\" height=\"640\" src=\"https:\/\/www.738e.com\/wp-content\/uploads\/2025\/01\/Non-woven-cotton-wicks.webp\" class=\"elementor-animation-grow attachment-full size-full wp-image-6080\" alt=\"B\u00e2tons de coton absorbant l&#039;eau\" srcset=\"https:\/\/www.738e.com\/wp-content\/uploads\/2025\/01\/Non-woven-cotton-wicks.webp 640w, https:\/\/www.738e.com\/wp-content\/uploads\/2025\/01\/Non-woven-cotton-wicks-300x300.webp 300w, https:\/\/www.738e.com\/wp-content\/uploads\/2025\/01\/Non-woven-cotton-wicks-150x150.webp 150w, https:\/\/www.738e.com\/wp-content\/uploads\/2025\/01\/Non-woven-cotton-wicks-12x12.webp 12w\" sizes=\"(max-width: 640px) 100vw, 640px\" \/>\t\t\t\t\t\t\t\t<\/a>\n\t\t\t\t\t\t\t\t\t\t\t\t\t\t\t<\/div>\n\t\t\t\t<\/div>\n\t\t\t\t<\/div>\n\t\t\t\t<\/div>\n\t\t<div class=\"elementor-element elementor-element-9bb62f3 e-con-full e-flex e-con e-child\" data-id=\"9bb62f3\" data-element_type=\"container\" data-e-type=\"container\">\n\t\t<div class=\"elementor-element elementor-element-6475494 e-con-full e-flex e-con e-child\" data-id=\"6475494\" data-element_type=\"container\" data-e-type=\"container\">\n\t\t\t\t<div class=\"elementor-element elementor-element-dd67cc4 elementor-widget elementor-widget-image\" data-id=\"dd67cc4\" data-element_type=\"widget\" data-e-type=\"widget\" data-widget_type=\"image.default\">\n\t\t\t\t<div class=\"elementor-widget-container\">\n\t\t\t\t\t\t\t\t\t\t\t\t\t\t\t\t<a href=\"https:\/\/738e.com\/wp-content\/uploads\/2025\/01\/Water-drawing-Cotton-Sticks-banner.webp\">\n\t\t\t\t\t\t\t<img loading=\"lazy\" decoding=\"async\" width=\"640\" height=\"640\" src=\"https:\/\/www.738e.com\/wp-content\/uploads\/2025\/01\/Water-drawing-Cotton-Sticks-banner.webp\" class=\"elementor-animation-grow attachment-full size-full wp-image-6074\" alt=\"Humidifier Water \u2013 drawing Cotton Sticks\" srcset=\"https:\/\/www.738e.com\/wp-content\/uploads\/2025\/01\/Water-drawing-Cotton-Sticks-banner.webp 640w, https:\/\/www.738e.com\/wp-content\/uploads\/2025\/01\/Water-drawing-Cotton-Sticks-banner-300x300.webp 300w, https:\/\/www.738e.com\/wp-content\/uploads\/2025\/01\/Water-drawing-Cotton-Sticks-banner-150x150.webp 150w, https:\/\/www.738e.com\/wp-content\/uploads\/2025\/01\/Water-drawing-Cotton-Sticks-banner-12x12.webp 12w\" sizes=\"(max-width: 640px) 100vw, 640px\" \/>\t\t\t\t\t\t\t\t<\/a>\n\t\t\t\t\t\t\t\t\t\t\t\t\t\t\t<\/div>\n\t\t\t\t<\/div>\n\t\t\t\t<\/div>\n\t\t<div class=\"elementor-element elementor-element-de1c9cc e-con-full e-flex e-con e-child\" data-id=\"de1c9cc\" data-element_type=\"container\" data-e-type=\"container\">\n\t\t\t\t<div class=\"elementor-element elementor-element-3d88527 elementor-widget elementor-widget-image\" data-id=\"3d88527\" data-element_type=\"widget\" data-e-type=\"widget\" data-widget_type=\"image.default\">\n\t\t\t\t<div class=\"elementor-widget-container\">\n\t\t\t\t\t\t\t\t\t\t\t\t\t\t\t\t<a href=\"https:\/\/738e.com\/wp-content\/uploads\/2025\/01\/Humidification-bottle.webp\">\n\t\t\t\t\t\t\t<img loading=\"lazy\" decoding=\"async\" width=\"640\" height=\"640\" src=\"https:\/\/www.738e.com\/wp-content\/uploads\/2025\/01\/Humidification-bottle.webp\" class=\"elementor-animation-grow attachment-full size-full wp-image-6088\" alt=\"Humidifier Water - drawing Cotton Core Cotton Sticks, Oxygen Humidifier Bottle Cotton Core Cotton Sticks, Fragrance Diffuser Cotton Sticks, Fiber Nibs, E - cigarette Oil - storing Cotton, Velcro, Fiber Sheets, Filter Elements\" srcset=\"https:\/\/www.738e.com\/wp-content\/uploads\/2025\/01\/Humidification-bottle.webp 640w, https:\/\/www.738e.com\/wp-content\/uploads\/2025\/01\/Humidification-bottle-300x300.webp 300w, https:\/\/www.738e.com\/wp-content\/uploads\/2025\/01\/Humidification-bottle-150x150.webp 150w, https:\/\/www.738e.com\/wp-content\/uploads\/2025\/01\/Humidification-bottle-12x12.webp 12w\" sizes=\"(max-width: 640px) 100vw, 640px\" \/>\t\t\t\t\t\t\t\t<\/a>\n\t\t\t\t\t\t\t\t\t\t\t\t\t\t\t<\/div>\n\t\t\t\t<\/div>\n\t\t\t\t<\/div>\n\t\t<div class=\"elementor-element elementor-element-a6e5ee8 e-con-full e-flex e-con e-child\" data-id=\"a6e5ee8\" data-element_type=\"container\" data-e-type=\"container\">\n\t\t\t\t<div class=\"elementor-element elementor-element-8f10842 elementor-widget elementor-widget-image\" data-id=\"8f10842\" data-element_type=\"widget\" data-e-type=\"widget\" data-widget_type=\"image.default\">\n\t\t\t\t<div class=\"elementor-widget-container\">\n\t\t\t\t\t\t\t\t\t\t\t\t\t\t\t\t<a href=\"https:\/\/738e.com\/wp-content\/uploads\/2025\/01\/Water-drawing-Cotton-Stick-03.webp\">\n\t\t\t\t\t\t\t<img loading=\"lazy\" decoding=\"async\" width=\"640\" height=\"640\" src=\"https:\/\/www.738e.com\/wp-content\/uploads\/2025\/01\/Water-drawing-Cotton-Stick-03.webp\" class=\"elementor-animation-grow attachment-full size-full wp-image-6072\" alt=\"Humidifier Water - drawing Cotton Core Cotton Sticks, Oxygen Humidifier Bottle Cotton Core Cotton Sticks, Fragrance Diffuser Cotton Sticks, Fiber Nibs, E - cigarette Oil - storing Cotton, Velcro, Fiber Sheets, Filter Elements\" srcset=\"https:\/\/www.738e.com\/wp-content\/uploads\/2025\/01\/Water-drawing-Cotton-Stick-03.webp 640w, https:\/\/www.738e.com\/wp-content\/uploads\/2025\/01\/Water-drawing-Cotton-Stick-03-300x300.webp 300w, https:\/\/www.738e.com\/wp-content\/uploads\/2025\/01\/Water-drawing-Cotton-Stick-03-150x150.webp 150w, https:\/\/www.738e.com\/wp-content\/uploads\/2025\/01\/Water-drawing-Cotton-Stick-03-12x12.webp 12w\" sizes=\"(max-width: 640px) 100vw, 640px\" \/>\t\t\t\t\t\t\t\t<\/a>\n\t\t\t\t\t\t\t\t\t\t\t\t\t\t\t<\/div>\n\t\t\t\t<\/div>\n\t\t\t\t<\/div>\n\t\t<div class=\"elementor-element elementor-element-64ecd49 e-con-full e-flex e-con e-child\" data-id=\"64ecd49\" data-element_type=\"container\" data-e-type=\"container\">\n\t\t\t\t<div class=\"elementor-element elementor-element-645cf51 elementor-widget elementor-widget-image\" data-id=\"645cf51\" data-element_type=\"widget\" data-e-type=\"widget\" data-widget_type=\"image.default\">\n\t\t\t\t<div class=\"elementor-widget-container\">\n\t\t\t\t\t\t\t\t\t\t\t\t\t\t\t\t<a href=\"https:\/\/738e.com\/wp-content\/uploads\/2025\/01\/humidifier.webp\">\n\t\t\t\t\t\t\t<img loading=\"lazy\" decoding=\"async\" width=\"640\" height=\"640\" src=\"https:\/\/www.738e.com\/wp-content\/uploads\/2025\/01\/humidifier.webp\" class=\"elementor-animation-grow attachment-full size-full wp-image-6070\" alt=\"Humidifier Water - drawing Cotton Core Cotton Sticks, Oxygen Humidifier Bottle Cotton Core Cotton Sticks, Fragrance Diffuser Cotton Sticks, Fiber Nibs, E - cigarette Oil - storing Cotton, Velcro, Fiber Sheets, Filter Elements\" srcset=\"https:\/\/www.738e.com\/wp-content\/uploads\/2025\/01\/humidifier.webp 640w, https:\/\/www.738e.com\/wp-content\/uploads\/2025\/01\/humidifier-300x300.webp 300w, https:\/\/www.738e.com\/wp-content\/uploads\/2025\/01\/humidifier-150x150.webp 150w, https:\/\/www.738e.com\/wp-content\/uploads\/2025\/01\/humidifier-12x12.webp 12w\" sizes=\"(max-width: 640px) 100vw, 640px\" \/>\t\t\t\t\t\t\t\t<\/a>\n\t\t\t\t\t\t\t\t\t\t\t\t\t\t\t<\/div>\n\t\t\t\t<\/div>\n\t\t\t\t<\/div>\n\t\t\t\t<\/div>\n\t\t\t\t<\/div>\n\t\t\t\t<\/div>","protected":false},"excerpt":{"rendered":"<p>Water &#8211; drawing Cotton Sticks Products &#038; Applications There are numerous types of water &#8211; drawing fiber cotton wicks, primarily used for guiding or absorbing volatile &#8211; related liquids. They find applications in devices such as humidifying atomizers, humidification bottles, liquid mosquito repellents, and aroma diffusers. These products are customized according to customers&#8217; usage scenarios [&hellip;]<\/p>\n","protected":false},"author":2,"featured_media":0,"parent":0,"menu_order":0,"comment_status":"closed","ping_status":"closed","template":"","meta":{"site-sidebar-layout":"no-sidebar","site-content-layout":"page-builder","ast-site-content-layout":"full-width-container","site-content-style":"default","site-sidebar-style":"default","ast-global-header-display":"","ast-banner-title-visibility":"","ast-main-header-display":"","ast-hfb-above-header-display":"","ast-hfb-below-header-display":"","ast-hfb-mobile-header-display":"","site-post-title":"disabled","ast-breadcrumbs-content":"","ast-featured-img":"disabled","footer-sml-layout":"","ast-disable-related-posts":"","theme-transparent-header-meta":"","adv-header-id-meta":"","stick-header-meta":"","header-above-stick-meta":"","header-main-stick-meta":"","header-below-stick-meta":"","astra-migrate-meta-layouts":"set","ast-page-background-enabled":"default","ast-page-background-meta":{"desktop":{"background-color":"","background-image":"","background-repeat":"repeat","background-position":"center center","background-size":"auto","background-attachment":"scroll","background-type":"","background-media":"","overlay-type":"","overlay-color":"","overlay-opacity":"","overlay-gradient":""},"tablet":{"background-color":"","background-image":"","background-repeat":"repeat","background-position":"center center","background-size":"auto","background-attachment":"scroll","background-type":"","background-media":"","overlay-type":"","overlay-color":"","overlay-opacity":"","overlay-gradient":""},"mobile":{"background-color":"","background-image":"","background-repeat":"repeat","background-position":"center center","background-size":"auto","background-attachment":"scroll","background-type":"","background-media":"","overlay-type":"","overlay-color":"","overlay-opacity":"","overlay-gradient":""}},"ast-content-background-meta":{"desktop":{"background-color":"var(--ast-global-color-5)","background-image":"","background-repeat":"repeat","background-position":"center center","background-size":"auto","background-attachment":"scroll","background-type":"","background-media":"","overlay-type":"","overlay-color":"","overlay-opacity":"","overlay-gradient":""},"tablet":{"background-color":"var(--ast-global-color-5)","background-image":"","background-repeat":"repeat","background-position":"center center","background-size":"auto","background-attachment":"scroll","background-type":"","background-media":"","overlay-type":"","overlay-color":"","overlay-opacity":"","overlay-gradient":""},"mobile":{"background-color":"var(--ast-global-color-5)","background-image":"","background-repeat":"repeat","background-position":"center center","background-size":"auto","background-attachment":"scroll","background-type":"","background-media":"","overlay-type":"","overlay-color":"","overlay-opacity":"","overlay-gradient":""}},"footnotes":""},"class_list":["post-5935","page","type-page","status-publish","hentry"],"aioseo_notices":[],"_links":{"self":[{"href":"https:\/\/738e.com\/fr\/wp-json\/wp\/v2\/pages\/5935","targetHints":{"allow":["GET"]}}],"collection":[{"href":"https:\/\/738e.com\/fr\/wp-json\/wp\/v2\/pages"}],"about":[{"href":"https:\/\/738e.com\/fr\/wp-json\/wp\/v2\/types\/page"}],"author":[{"embeddable":true,"href":"https:\/\/738e.com\/fr\/wp-json\/wp\/v2\/users\/2"}],"replies":[{"embeddable":true,"href":"https:\/\/738e.com\/fr\/wp-json\/wp\/v2\/comments?post=5935"}],"version-history":[{"count":148,"href":"https:\/\/738e.com\/fr\/wp-json\/wp\/v2\/pages\/5935\/revisions"}],"predecessor-version":[{"id":8389,"href":"https:\/\/738e.com\/fr\/wp-json\/wp\/v2\/pages\/5935\/revisions\/8389"}],"wp:attachment":[{"href":"https:\/\/738e.com\/fr\/wp-json\/wp\/v2\/media?parent=5935"}],"curies":[{"name":"wp","href":"https:\/\/api.w.org\/{rel}","templated":true}]}}