{"id":5940,"date":"2025-01-16T01:28:31","date_gmt":"2025-01-16T01:28:31","guid":{"rendered":"https:\/\/738e.com\/?page_id=5940"},"modified":"2025-04-30T01:57:15","modified_gmt":"2025-04-30T01:57:15","slug":"diffuser-sticks","status":"publish","type":"page","link":"https:\/\/738e.com\/de\/diffuser-sticks\/","title":{"rendered":"Duftst\u00e4bchen"},"content":{"rendered":"<div data-elementor-type=\"wp-page\" data-elementor-id=\"5940\" class=\"elementor elementor-5940\" data-elementor-post-type=\"page\">\n\t\t\t\t<div class=\"elementor-element elementor-element-6b32538d e-con-full e-flex e-con e-parent\" data-id=\"6b32538d\" data-element_type=\"container\" data-e-type=\"container\" data-settings=\"{&quot;background_background&quot;:&quot;classic&quot;}\">\n\t\t\t\t<div class=\"elementor-element elementor-element-6b5d5da elementor-widget elementor-widget-heading\" data-id=\"6b5d5da\" data-element_type=\"widget\" data-e-type=\"widget\" data-widget_type=\"heading.default\">\n\t\t\t\t<div class=\"elementor-widget-container\">\n\t\t\t\t\t<h1 class=\"elementor-heading-title elementor-size-default\">Duftdiffusorst\u00e4bchen<\/h1>\t\t\t\t<\/div>\n\t\t\t\t<\/div>\n\t\t\t\t<\/div>\n\t\t<div class=\"elementor-element elementor-element-36e4cbcf e-flex e-con-boxed e-con e-parent\" data-id=\"36e4cbcf\" data-element_type=\"container\" data-e-type=\"container\">\n\t\t\t\t\t<div class=\"e-con-inner\">\n\t\t\t\t<div class=\"elementor-element elementor-element-2025557a elementor-widget elementor-widget-heading\" data-id=\"2025557a\" data-element_type=\"widget\" data-e-type=\"widget\" data-widget_type=\"heading.default\">\n\t\t\t\t<div class=\"elementor-widget-container\">\n\t\t\t\t\t<h2 class=\"elementor-heading-title elementor-size-default\">Produkte &amp; Anwendungen<\/h2>\t\t\t\t<\/div>\n\t\t\t\t<\/div>\n\t\t\t\t<div class=\"elementor-element elementor-element-30b45d57 elementor-widget-divider--view-line elementor-widget elementor-widget-divider\" data-id=\"30b45d57\" data-element_type=\"widget\" data-e-type=\"widget\" data-widget_type=\"divider.default\">\n\t\t\t\t<div class=\"elementor-widget-container\">\n\t\t\t\t\t\t\t<div class=\"elementor-divider\">\n\t\t\t<span class=\"elementor-divider-separator\">\n\t\t\t\t\t\t<\/span>\n\t\t<\/div>\n\t\t\t\t\t\t<\/div>\n\t\t\t\t<\/div>\n\t\t\t\t<div class=\"elementor-element elementor-element-1ab26da9 elementor-widget elementor-widget-text-editor\" data-id=\"1ab26da9\" data-element_type=\"widget\" data-e-type=\"widget\" data-widget_type=\"text-editor.default\">\n\t\t\t\t<div class=\"elementor-widget-container\">\n\t\t\t\t\t\t\t\t\t<p style=\"text-align: center;\">Chemische Faserdiffusorst\u00e4bchen, die plastikbasierte Faserdifferenzprodukte sind, werden verwendet, um die Fl\u00fcssigkeit in der Flasche aufzuziehen und zu verdampfen, um sie zu diffundieren. Sie werden in flaschenf\u00f6rmigen Fl\u00fcssigkeitsduftdiffusoren eingesetzt. Nat\u00fcrliche Diffusorst\u00e4bchen werden aus nat\u00fcrlicher Cellulose durch ein spezielles Verfahren hergestellt. Ihre Oberfl\u00e4chen sind dreidimensional (erh\u00f6hen die Oberfl\u00e4che f\u00fcr die Duftverbreitung). Sie k\u00f6nnen \u00e4therische \u00d6l-basierte Gew\u00fcrze direkt im Stabk\u00f6rper speichern und werden bei der Herstellung ges\u00fcnderer fl\u00fcssigkeitsfreier Duftdiffusoren verwendet. Nach der Verwendung k\u00f6nnen sie sich nat\u00fcrlich abbauen, was sie umweltfreundlich macht.<\/p>\t\t\t\t\t\t\t\t<\/div>\n\t\t\t\t<\/div>\n\t\t\t\t\t<\/div>\n\t\t\t\t<\/div>\n\t\t<div class=\"elementor-element elementor-element-3d5d915 e-flex e-con-boxed e-con e-parent\" data-id=\"3d5d915\" data-element_type=\"container\" data-e-type=\"container\">\n\t\t\t\t\t<div class=\"e-con-inner\">\n\t\t<div class=\"elementor-element elementor-element-e729c43 e-con-full e-flex e-con e-child\" data-id=\"e729c43\" data-element_type=\"container\" data-e-type=\"container\">\n\t\t\t\t<div class=\"elementor-element elementor-element-4e9ddb8 elementor-widget elementor-widget-image\" data-id=\"4e9ddb8\" data-element_type=\"widget\" data-e-type=\"widget\" data-widget_type=\"image.default\">\n\t\t\t\t<div class=\"elementor-widget-container\">\n\t\t\t\t\t\t\t\t\t\t\t\t\t\t\t<img fetchpriority=\"high\" decoding=\"async\" width=\"644\" height=\"402\" src=\"https:\/\/www.738e.com\/wp-content\/uploads\/2025\/01\/Natural-diffuser-sticks-644x402-1.webp\" class=\"attachment-full size-full wp-image-6125\" alt=\"Humidifier Water - drawing Cotton Core Cotton Sticks, Oxygen Humidifier Bottle Cotton Core Cotton Sticks, Fragrance Diffuser Cotton Sticks, Fiber Nibs, E - cigarette Oil - storing Cotton, Velcro, Fiber Sheets, Filter Elements\" srcset=\"https:\/\/www.738e.com\/wp-content\/uploads\/2025\/01\/Natural-diffuser-sticks-644x402-1.webp 644w, https:\/\/www.738e.com\/wp-content\/uploads\/2025\/01\/Natural-diffuser-sticks-644x402-1-300x187.webp 300w, https:\/\/www.738e.com\/wp-content\/uploads\/2025\/01\/Natural-diffuser-sticks-644x402-1-18x12.webp 18w\" sizes=\"(max-width: 644px) 100vw, 644px\" \/>\t\t\t\t\t\t\t\t\t\t\t\t\t\t\t<\/div>\n\t\t\t\t<\/div>\n\t\t\t\t<div class=\"elementor-element elementor-element-adced20 elementor-widget elementor-widget-image-box\" data-id=\"adced20\" data-element_type=\"widget\" data-e-type=\"widget\" data-widget_type=\"image-box.default\">\n\t\t\t\t<div class=\"elementor-widget-container\">\n\t\t\t\t\t<div class=\"elementor-image-box-wrapper\"><div class=\"elementor-image-box-content\"><h5 class=\"elementor-image-box-title\">Naturliche Duftdiffusorst\u00e4bchen<\/h5><p class=\"elementor-image-box-description\">Sie k\u00f6nnen nach Bedarf ma\u00dfgefertigt werden. Die Farbe ist im Allgemeinen die nat\u00fcrliche Farbe, und wir k\u00f6nnen auch OEM-Services f\u00fcr fertige Duftdiffusorprodukte anbieten.<\/p><\/div><\/div>\t\t\t\t<\/div>\n\t\t\t\t<\/div>\n\t\t\t\t<\/div>\n\t\t<div class=\"elementor-element elementor-element-6b99bbb e-con-full e-flex e-con e-child\" data-id=\"6b99bbb\" data-element_type=\"container\" data-e-type=\"container\">\n\t\t\t\t<div class=\"elementor-element elementor-element-ecf96b3 elementor-widget elementor-widget-image\" data-id=\"ecf96b3\" data-element_type=\"widget\" data-e-type=\"widget\" data-widget_type=\"image.default\">\n\t\t\t\t<div class=\"elementor-widget-container\">\n\t\t\t\t\t\t\t\t\t\t\t\t\t\t\t<img decoding=\"async\" width=\"644\" height=\"402\" src=\"https:\/\/www.738e.com\/wp-content\/uploads\/2025\/01\/Chemical-fiber-diffuser-sticks-644x402-1.webp\" class=\"attachment-full size-full wp-image-6124\" alt=\"Duftst\u00e4bchen\" srcset=\"https:\/\/www.738e.com\/wp-content\/uploads\/2025\/01\/Chemical-fiber-diffuser-sticks-644x402-1.webp 644w, https:\/\/www.738e.com\/wp-content\/uploads\/2025\/01\/Chemical-fiber-diffuser-sticks-644x402-1-300x187.webp 300w, https:\/\/www.738e.com\/wp-content\/uploads\/2025\/01\/Chemical-fiber-diffuser-sticks-644x402-1-18x12.webp 18w\" sizes=\"(max-width: 644px) 100vw, 644px\" \/>\t\t\t\t\t\t\t\t\t\t\t\t\t\t\t<\/div>\n\t\t\t\t<\/div>\n\t\t\t\t<div class=\"elementor-element elementor-element-24c95f4 elementor-widget elementor-widget-image-box\" data-id=\"24c95f4\" data-element_type=\"widget\" data-e-type=\"widget\" data-widget_type=\"image-box.default\">\n\t\t\t\t<div class=\"elementor-widget-container\">\n\t\t\t\t\t<div class=\"elementor-image-box-wrapper\"><div class=\"elementor-image-box-content\"><h5 class=\"elementor-image-box-title\">Chemische Faserdiffusorst\u00e4bchen<\/h5><p class=\"elementor-image-box-description\">Sie k\u00f6nnen entsprechend den Anforderungen der Kunden ma\u00dfgefertigt werden. Die g\u00e4ngigen Farben sind schwarz und wei\u00df.<\/p><\/div><\/div>\t\t\t\t<\/div>\n\t\t\t\t<\/div>\n\t\t\t\t<\/div>\n\t\t\t\t\t<\/div>\n\t\t\t\t<\/div>\n\t\t<div class=\"elementor-element elementor-element-ca79649 e-con-full e-flex e-con e-parent\" data-id=\"ca79649\" data-element_type=\"container\" data-e-type=\"container\">\n\t\t\t\t<div class=\"elementor-element elementor-element-4279cc2 elementor-widget elementor-widget-heading\" data-id=\"4279cc2\" data-element_type=\"widget\" data-e-type=\"widget\" data-widget_type=\"heading.default\">\n\t\t\t\t<div class=\"elementor-widget-container\">\n\t\t\t\t\t<h2 class=\"elementor-heading-title elementor-size-default\">Produkte und zugeh\u00f6rige Anwendungen<\/h2>\t\t\t\t<\/div>\n\t\t\t\t<\/div>\n\t\t\t\t<div class=\"elementor-element elementor-element-22f217f elementor-widget-divider--view-line elementor-widget elementor-widget-divider\" data-id=\"22f217f\" data-element_type=\"widget\" data-e-type=\"widget\" data-widget_type=\"divider.default\">\n\t\t\t\t<div class=\"elementor-widget-container\">\n\t\t\t\t\t\t\t<div class=\"elementor-divider\">\n\t\t\t<span class=\"elementor-divider-separator\">\n\t\t\t\t\t\t<\/span>\n\t\t<\/div>\n\t\t\t\t\t\t<\/div>\n\t\t\t\t<\/div>\n\t\t\t\t<div class=\"elementor-element elementor-element-f51c792 elementor-widget elementor-widget-text-editor\" data-id=\"f51c792\" data-element_type=\"widget\" data-e-type=\"widget\" data-widget_type=\"text-editor.default\">\n\t\t\t\t<div class=\"elementor-widget-container\">\n\t\t\t\t\t\t\t\t\t<p style=\"text-align: center;\">Jedes Produkt kann gem\u00e4\u00df den Anforderungen des Kunden individualisiert werden.<\/p>\t\t\t\t\t\t\t\t<\/div>\n\t\t\t\t<\/div>\n\t\t<div class=\"elementor-element elementor-element-96fd208 e-con-full e-flex e-con e-child\" data-id=\"96fd208\" data-element_type=\"container\" data-e-type=\"container\">\n\t\t<div class=\"elementor-element elementor-element-403ce44 e-con-full e-flex e-con e-child\" data-id=\"403ce44\" data-element_type=\"container\" data-e-type=\"container\">\n\t\t\t\t<div class=\"elementor-element elementor-element-3377b7c elementor-widget elementor-widget-image\" data-id=\"3377b7c\" data-element_type=\"widget\" data-e-type=\"widget\" data-widget_type=\"image.default\">\n\t\t\t\t<div class=\"elementor-widget-container\">\n\t\t\t\t\t\t\t\t\t\t\t\t\t\t\t\t<a href=\"https:\/\/738e.com\/wp-content\/uploads\/2025\/01\/Natural-diffuser-sticks.webp\">\n\t\t\t\t\t\t\t<img decoding=\"async\" width=\"640\" height=\"640\" src=\"https:\/\/www.738e.com\/wp-content\/uploads\/2025\/01\/Natural-diffuser-sticks.webp\" class=\"elementor-animation-grow attachment-full size-full wp-image-6126\" alt=\"Humidifier Water - drawing Cotton Core Cotton Sticks, Oxygen Humidifier Bottle Cotton Core Cotton Sticks, Fragrance Diffuser Cotton Sticks, Fiber Nibs, E - cigarette Oil - storing Cotton, Velcro, Fiber Sheets, Filter Elements\" srcset=\"https:\/\/www.738e.com\/wp-content\/uploads\/2025\/01\/Natural-diffuser-sticks.webp 640w, https:\/\/www.738e.com\/wp-content\/uploads\/2025\/01\/Natural-diffuser-sticks-300x300.webp 300w, https:\/\/www.738e.com\/wp-content\/uploads\/2025\/01\/Natural-diffuser-sticks-150x150.webp 150w, https:\/\/www.738e.com\/wp-content\/uploads\/2025\/01\/Natural-diffuser-sticks-12x12.webp 12w\" sizes=\"(max-width: 640px) 100vw, 640px\" \/>\t\t\t\t\t\t\t\t<\/a>\n\t\t\t\t\t\t\t\t\t\t\t\t\t\t\t<\/div>\n\t\t\t\t<\/div>\n\t\t\t\t<\/div>\n\t\t<div class=\"elementor-element elementor-element-8208f15 e-con-full e-flex e-con e-child\" data-id=\"8208f15\" data-element_type=\"container\" data-e-type=\"container\">\n\t\t\t\t<div class=\"elementor-element elementor-element-3300f5e elementor-widget elementor-widget-image\" data-id=\"3300f5e\" data-element_type=\"widget\" data-e-type=\"widget\" data-widget_type=\"image.default\">\n\t\t\t\t<div class=\"elementor-widget-container\">\n\t\t\t\t\t\t\t\t\t\t\t\t\t\t\t\t<a href=\"https:\/\/738e.com\/wp-content\/uploads\/2025\/01\/Chemical-fiber-diffuser-sticks.webp\">\n\t\t\t\t\t\t\t<img loading=\"lazy\" decoding=\"async\" width=\"640\" height=\"640\" src=\"https:\/\/www.738e.com\/wp-content\/uploads\/2025\/01\/Chemical-fiber-diffuser-sticks.webp\" class=\"elementor-animation-grow attachment-full size-full wp-image-6123\" alt=\"Duftst\u00e4bchen\" srcset=\"https:\/\/www.738e.com\/wp-content\/uploads\/2025\/01\/Chemical-fiber-diffuser-sticks.webp 640w, https:\/\/www.738e.com\/wp-content\/uploads\/2025\/01\/Chemical-fiber-diffuser-sticks-300x300.webp 300w, https:\/\/www.738e.com\/wp-content\/uploads\/2025\/01\/Chemical-fiber-diffuser-sticks-150x150.webp 150w, https:\/\/www.738e.com\/wp-content\/uploads\/2025\/01\/Chemical-fiber-diffuser-sticks-12x12.webp 12w\" sizes=\"(max-width: 640px) 100vw, 640px\" \/>\t\t\t\t\t\t\t\t<\/a>\n\t\t\t\t\t\t\t\t\t\t\t\t\t\t\t<\/div>\n\t\t\t\t<\/div>\n\t\t\t\t<\/div>\n\t\t<div class=\"elementor-element elementor-element-059f719 e-con-full e-flex e-con e-child\" data-id=\"059f719\" data-element_type=\"container\" data-e-type=\"container\">\n\t\t\t\t<div class=\"elementor-element elementor-element-40c25d6 elementor-widget elementor-widget-image\" data-id=\"40c25d6\" data-element_type=\"widget\" data-e-type=\"widget\" data-widget_type=\"image.default\">\n\t\t\t\t<div class=\"elementor-widget-container\">\n\t\t\t\t\t\t\t\t\t\t\t\t\t\t\t\t<a href=\"https:\/\/738e.com\/wp-content\/uploads\/2025\/01\/Chemical-fiber-diffuser-sticks-1.webp\">\n\t\t\t\t\t\t\t<img loading=\"lazy\" decoding=\"async\" width=\"750\" height=\"750\" src=\"https:\/\/www.738e.com\/wp-content\/uploads\/2025\/01\/Chemical-fiber-diffuser-sticks-1.webp\" class=\"elementor-animation-grow attachment-full size-full wp-image-6164\" alt=\"Humidifier Water - drawing Cotton Core Cotton Sticks, Oxygen Humidifier Bottle Cotton Core Cotton Sticks, Fragrance Diffuser Cotton Sticks, Fiber Nibs, E - cigarette Oil - storing Cotton, Velcro, Fiber Sheets, Filter Elements\" srcset=\"https:\/\/www.738e.com\/wp-content\/uploads\/2025\/01\/Chemical-fiber-diffuser-sticks-1.webp 750w, https:\/\/www.738e.com\/wp-content\/uploads\/2025\/01\/Chemical-fiber-diffuser-sticks-1-300x300.webp 300w, https:\/\/www.738e.com\/wp-content\/uploads\/2025\/01\/Chemical-fiber-diffuser-sticks-1-150x150.webp 150w, https:\/\/www.738e.com\/wp-content\/uploads\/2025\/01\/Chemical-fiber-diffuser-sticks-1-12x12.webp 12w\" sizes=\"(max-width: 750px) 100vw, 750px\" \/>\t\t\t\t\t\t\t\t<\/a>\n\t\t\t\t\t\t\t\t\t\t\t\t\t\t\t<\/div>\n\t\t\t\t<\/div>\n\t\t\t\t<\/div>\n\t\t<div class=\"elementor-element elementor-element-2e84b8b e-con-full e-flex e-con e-child\" data-id=\"2e84b8b\" data-element_type=\"container\" data-e-type=\"container\">\n\t\t\t\t<div class=\"elementor-element elementor-element-c038102 elementor-widget elementor-widget-image\" data-id=\"c038102\" data-element_type=\"widget\" data-e-type=\"widget\" data-widget_type=\"image.default\">\n\t\t\t\t<div class=\"elementor-widget-container\">\n\t\t\t\t\t\t\t\t\t\t\t\t\t\t\t\t<a href=\"https:\/\/738e.com\/wp-content\/uploads\/2025\/01\/Water-drawing-Cotton-Stick-03.webp\">\n\t\t\t\t\t\t\t<img loading=\"lazy\" decoding=\"async\" width=\"640\" height=\"640\" src=\"https:\/\/www.738e.com\/wp-content\/uploads\/2025\/01\/Water-drawing-Cotton-Stick-03.webp\" class=\"elementor-animation-grow attachment-full size-full wp-image-6072\" alt=\"Humidifier Water - drawing Cotton Core Cotton Sticks, Oxygen Humidifier Bottle Cotton Core Cotton Sticks, Fragrance Diffuser Cotton Sticks, Fiber Nibs, E - cigarette Oil - storing Cotton, Velcro, Fiber Sheets, Filter Elements\" srcset=\"https:\/\/www.738e.com\/wp-content\/uploads\/2025\/01\/Water-drawing-Cotton-Stick-03.webp 640w, https:\/\/www.738e.com\/wp-content\/uploads\/2025\/01\/Water-drawing-Cotton-Stick-03-300x300.webp 300w, https:\/\/www.738e.com\/wp-content\/uploads\/2025\/01\/Water-drawing-Cotton-Stick-03-150x150.webp 150w, https:\/\/www.738e.com\/wp-content\/uploads\/2025\/01\/Water-drawing-Cotton-Stick-03-12x12.webp 12w\" sizes=\"(max-width: 640px) 100vw, 640px\" \/>\t\t\t\t\t\t\t\t<\/a>\n\t\t\t\t\t\t\t\t\t\t\t\t\t\t\t<\/div>\n\t\t\t\t<\/div>\n\t\t\t\t<\/div>\n\t\t\t\t<\/div>\n\t\t<div class=\"elementor-element elementor-element-63226a0 e-con-full e-flex e-con e-child\" data-id=\"63226a0\" data-element_type=\"container\" data-e-type=\"container\">\n\t\t<div class=\"elementor-element elementor-element-ded816d e-con-full e-flex e-con e-child\" data-id=\"ded816d\" data-element_type=\"container\" data-e-type=\"container\">\n\t\t\t\t<div class=\"elementor-element elementor-element-507bc9d elementor-widget elementor-widget-image\" data-id=\"507bc9d\" data-element_type=\"widget\" data-e-type=\"widget\" data-widget_type=\"image.default\">\n\t\t\t\t<div class=\"elementor-widget-container\">\n\t\t\t\t\t\t\t\t\t\t\t\t\t\t\t\t<a href=\"https:\/\/738e.com\/wp-content\/uploads\/2024\/12\/paper-stick-manufacturer-Yingtong-0008.webp\">\n\t\t\t\t\t\t\t<img loading=\"lazy\" decoding=\"async\" width=\"640\" height=\"640\" src=\"https:\/\/www.738e.com\/wp-content\/uploads\/2024\/12\/paper-stick-manufacturer-Yingtong-0008.webp\" class=\"elementor-animation-grow attachment-full size-full wp-image-5609\" alt=\"Paper Stick Manufacturer: Diverse Range of Lollipop, Candy &amp; Diffuser Sticks\" srcset=\"https:\/\/www.738e.com\/wp-content\/uploads\/2024\/12\/paper-stick-manufacturer-Yingtong-0008.webp 640w, https:\/\/www.738e.com\/wp-content\/uploads\/2024\/12\/paper-stick-manufacturer-Yingtong-0008-300x300.webp 300w, https:\/\/www.738e.com\/wp-content\/uploads\/2024\/12\/paper-stick-manufacturer-Yingtong-0008-150x150.webp 150w, https:\/\/www.738e.com\/wp-content\/uploads\/2024\/12\/paper-stick-manufacturer-Yingtong-0008-12x12.webp 12w\" sizes=\"(max-width: 640px) 100vw, 640px\" \/>\t\t\t\t\t\t\t\t<\/a>\n\t\t\t\t\t\t\t\t\t\t\t\t\t\t\t<\/div>\n\t\t\t\t<\/div>\n\t\t\t\t<\/div>\n\t\t<div class=\"elementor-element elementor-element-243ec95 e-con-full e-flex e-con e-child\" data-id=\"243ec95\" data-element_type=\"container\" data-e-type=\"container\">\n\t\t\t\t<div class=\"elementor-element elementor-element-6c8b703 elementor-widget elementor-widget-image\" data-id=\"6c8b703\" data-element_type=\"widget\" data-e-type=\"widget\" data-widget_type=\"image.default\">\n\t\t\t\t<div class=\"elementor-widget-container\">\n\t\t\t\t\t\t\t\t\t\t\t\t\t\t\t\t<a href=\"https:\/\/738e.com\/wp-content\/uploads\/2024\/12\/paper-stick-manufacturer-Yingtong-0009.webp\">\n\t\t\t\t\t\t\t<img loading=\"lazy\" decoding=\"async\" width=\"640\" height=\"640\" src=\"https:\/\/www.738e.com\/wp-content\/uploads\/2024\/12\/paper-stick-manufacturer-Yingtong-0009.webp\" class=\"elementor-animation-grow attachment-full size-full wp-image-5610\" alt=\"Paper Stick Manufacturer: Lollipop, Candy, Cotton Swab &amp; Mosquito Repellent Sticks\" srcset=\"https:\/\/www.738e.com\/wp-content\/uploads\/2024\/12\/paper-stick-manufacturer-Yingtong-0009.webp 640w, https:\/\/www.738e.com\/wp-content\/uploads\/2024\/12\/paper-stick-manufacturer-Yingtong-0009-300x300.webp 300w, https:\/\/www.738e.com\/wp-content\/uploads\/2024\/12\/paper-stick-manufacturer-Yingtong-0009-150x150.webp 150w, https:\/\/www.738e.com\/wp-content\/uploads\/2024\/12\/paper-stick-manufacturer-Yingtong-0009-12x12.webp 12w\" sizes=\"(max-width: 640px) 100vw, 640px\" \/>\t\t\t\t\t\t\t\t<\/a>\n\t\t\t\t\t\t\t\t\t\t\t\t\t\t\t<\/div>\n\t\t\t\t<\/div>\n\t\t\t\t<\/div>\n\t\t<div class=\"elementor-element elementor-element-b62f21f e-con-full e-flex e-con e-child\" data-id=\"b62f21f\" data-element_type=\"container\" data-e-type=\"container\">\n\t\t\t\t<div class=\"elementor-element elementor-element-dd42c20 elementor-widget elementor-widget-image\" data-id=\"dd42c20\" data-element_type=\"widget\" data-e-type=\"widget\" data-widget_type=\"image.default\">\n\t\t\t\t<div class=\"elementor-widget-container\">\n\t\t\t\t\t\t\t\t\t\t\t\t\t\t\t\t<a href=\"https:\/\/738e.com\/wp-content\/uploads\/2024\/12\/paper-stick-manufacturer-Yingtong-0010.webp\">\n\t\t\t\t\t\t\t<img loading=\"lazy\" decoding=\"async\" width=\"640\" height=\"640\" src=\"https:\/\/www.738e.com\/wp-content\/uploads\/2024\/12\/paper-stick-manufacturer-Yingtong-0010.webp\" class=\"elementor-animation-grow attachment-full size-full wp-image-5611\" alt=\"Paper Stick Manufacturer: Diverse Range of Lollipop, Candy &amp; Diffuser Sticks\" srcset=\"https:\/\/www.738e.com\/wp-content\/uploads\/2024\/12\/paper-stick-manufacturer-Yingtong-0010.webp 640w, https:\/\/www.738e.com\/wp-content\/uploads\/2024\/12\/paper-stick-manufacturer-Yingtong-0010-300x300.webp 300w, https:\/\/www.738e.com\/wp-content\/uploads\/2024\/12\/paper-stick-manufacturer-Yingtong-0010-150x150.webp 150w, https:\/\/www.738e.com\/wp-content\/uploads\/2024\/12\/paper-stick-manufacturer-Yingtong-0010-12x12.webp 12w\" sizes=\"(max-width: 640px) 100vw, 640px\" \/>\t\t\t\t\t\t\t\t<\/a>\n\t\t\t\t\t\t\t\t\t\t\t\t\t\t\t<\/div>\n\t\t\t\t<\/div>\n\t\t\t\t<\/div>\n\t\t<div class=\"elementor-element elementor-element-2816508 e-con-full e-flex e-con e-child\" data-id=\"2816508\" data-element_type=\"container\" data-e-type=\"container\">\n\t\t\t\t<div class=\"elementor-element elementor-element-e452d02 elementor-widget elementor-widget-image\" data-id=\"e452d02\" data-element_type=\"widget\" data-e-type=\"widget\" data-widget_type=\"image.default\">\n\t\t\t\t<div class=\"elementor-widget-container\">\n\t\t\t\t\t\t\t\t\t\t\t\t\t\t\t\t<a href=\"https:\/\/738e.com\/wp-content\/uploads\/2024\/12\/paper-stick-manufacturer-Yingtong-0011.webp\">\n\t\t\t\t\t\t\t<img loading=\"lazy\" decoding=\"async\" width=\"640\" height=\"640\" src=\"https:\/\/www.738e.com\/wp-content\/uploads\/2024\/12\/paper-stick-manufacturer-Yingtong-0011.webp\" class=\"elementor-animation-grow attachment-full size-full wp-image-5612\" alt=\"Paper Stick Manufacturer: Diverse Range of Lollipop, Candy &amp; Diffuser Sticks\" srcset=\"https:\/\/www.738e.com\/wp-content\/uploads\/2024\/12\/paper-stick-manufacturer-Yingtong-0011.webp 640w, https:\/\/www.738e.com\/wp-content\/uploads\/2024\/12\/paper-stick-manufacturer-Yingtong-0011-300x300.webp 300w, https:\/\/www.738e.com\/wp-content\/uploads\/2024\/12\/paper-stick-manufacturer-Yingtong-0011-150x150.webp 150w, https:\/\/www.738e.com\/wp-content\/uploads\/2024\/12\/paper-stick-manufacturer-Yingtong-0011-12x12.webp 12w\" sizes=\"(max-width: 640px) 100vw, 640px\" \/>\t\t\t\t\t\t\t\t<\/a>\n\t\t\t\t\t\t\t\t\t\t\t\t\t\t\t<\/div>\n\t\t\t\t<\/div>\n\t\t\t\t<\/div>\n\t\t\t\t<\/div>\n\t\t\t\t<\/div>\n\t\t\t\t<\/div>","protected":false},"excerpt":{"rendered":"<p>Fragrance Diffuser Sticks Products &#038; Applications Chemical fiber diffuser sticks, which are plastic &#8211; based fiber products, are used to draw up the liquid in the bottle and volatilize it for diffusion. They are applied in bottled &#8211; liquid fragrance diffusers. Natural diffuser sticks are made from natural cellulose through a special process. Their surfaces [&hellip;]<\/p>\n","protected":false},"author":2,"featured_media":0,"parent":0,"menu_order":0,"comment_status":"closed","ping_status":"closed","template":"","meta":{"site-sidebar-layout":"no-sidebar","site-content-layout":"page-builder","ast-site-content-layout":"full-width-container","site-content-style":"default","site-sidebar-style":"default","ast-global-header-display":"","ast-banner-title-visibility":"","ast-main-header-display":"","ast-hfb-above-header-display":"","ast-hfb-below-header-display":"","ast-hfb-mobile-header-display":"","site-post-title":"disabled","ast-breadcrumbs-content":"","ast-featured-img":"disabled","footer-sml-layout":"","ast-disable-related-posts":"","theme-transparent-header-meta":"","adv-header-id-meta":"","stick-header-meta":"","header-above-stick-meta":"","header-main-stick-meta":"","header-below-stick-meta":"","astra-migrate-meta-layouts":"set","ast-page-background-enabled":"default","ast-page-background-meta":{"desktop":{"background-color":"","background-image":"","background-repeat":"repeat","background-position":"center center","background-size":"auto","background-attachment":"scroll","background-type":"","background-media":"","overlay-type":"","overlay-color":"","overlay-opacity":"","overlay-gradient":""},"tablet":{"background-color":"","background-image":"","background-repeat":"repeat","background-position":"center center","background-size":"auto","background-attachment":"scroll","background-type":"","background-media":"","overlay-type":"","overlay-color":"","overlay-opacity":"","overlay-gradient":""},"mobile":{"background-color":"","background-image":"","background-repeat":"repeat","background-position":"center center","background-size":"auto","background-attachment":"scroll","background-type":"","background-media":"","overlay-type":"","overlay-color":"","overlay-opacity":"","overlay-gradient":""}},"ast-content-background-meta":{"desktop":{"background-color":"var(--ast-global-color-5)","background-image":"","background-repeat":"repeat","background-position":"center center","background-size":"auto","background-attachment":"scroll","background-type":"","background-media":"","overlay-type":"","overlay-color":"","overlay-opacity":"","overlay-gradient":""},"tablet":{"background-color":"var(--ast-global-color-5)","background-image":"","background-repeat":"repeat","background-position":"center center","background-size":"auto","background-attachment":"scroll","background-type":"","background-media":"","overlay-type":"","overlay-color":"","overlay-opacity":"","overlay-gradient":""},"mobile":{"background-color":"var(--ast-global-color-5)","background-image":"","background-repeat":"repeat","background-position":"center center","background-size":"auto","background-attachment":"scroll","background-type":"","background-media":"","overlay-type":"","overlay-color":"","overlay-opacity":"","overlay-gradient":""}},"footnotes":""},"class_list":["post-5940","page","type-page","status-publish","hentry"],"aioseo_notices":[],"_links":{"self":[{"href":"https:\/\/738e.com\/de\/wp-json\/wp\/v2\/pages\/5940","targetHints":{"allow":["GET"]}}],"collection":[{"href":"https:\/\/738e.com\/de\/wp-json\/wp\/v2\/pages"}],"about":[{"href":"https:\/\/738e.com\/de\/wp-json\/wp\/v2\/types\/page"}],"author":[{"embeddable":true,"href":"https:\/\/738e.com\/de\/wp-json\/wp\/v2\/users\/2"}],"replies":[{"embeddable":true,"href":"https:\/\/738e.com\/de\/wp-json\/wp\/v2\/comments?post=5940"}],"version-history":[{"count":145,"href":"https:\/\/738e.com\/de\/wp-json\/wp\/v2\/pages\/5940\/revisions"}],"predecessor-version":[{"id":8386,"href":"https:\/\/738e.com\/de\/wp-json\/wp\/v2\/pages\/5940\/revisions\/8386"}],"wp:attachment":[{"href":"https:\/\/738e.com\/de\/wp-json\/wp\/v2\/media?parent=5940"}],"curies":[{"name":"wp","href":"https:\/\/api.w.org\/{rel}","templated":true}]}}